{"id":5079,"date":"2025-09-29T11:37:00","date_gmt":"2025-09-29T04:37:00","guid":{"rendered":"https:\/\/hunglocphatgroup.vn\/chuyen-tiep.html"},"modified":"2025-09-29T15:34:45","modified_gmt":"2025-09-29T08:34:45","slug":"chuyen-tiep","status":"publish","type":"page","link":"https:\/\/hunglocphatgroup.vn\/en","title":{"rendered":"Chuy\u1ec3n ti\u1ebfp"},"content":{"rendered":"[et_pb_section fb_built=&#8221;1&#8243; disabled_on=&#8221;on|on|off&#8221; admin_label=&#8221;Header Section&#8221; _builder_version=&#8221;4.9.7&#8243; background_color=&#8221;RGBA(0,0,0,0)&#8221; background_image=&#8221;https:\/\/hunglocphatgroup.vn\/wp-content\/uploads\/2025\/09\/HLP_Trang-tro-_Hinh-nen_Desktop-scaled.jpg&#8221; overflow-x=&#8221;auto&#8221; overflow-y=&#8221;auto&#8221; custom_margin=&#8221;|||&#8221; custom_padding=&#8221;0vw|0px|17vw|0px||&#8221; bottom_divider_color=&#8221;rgba(5,41,66,0.3)&#8221; bottom_divider_height=&#8221;0%&#8221; animation_style=&#8221;slide&#8221; animation_direction=&#8221;top&#8221; animation_intensity_slide=&#8221;4%&#8221; animation_starting_opacity=&#8221;100%&#8221;][et_pb_row disabled_on=&#8221;off|off|off&#8221; admin_label=&#8221;Header Row&#8221; module_class=&#8221; et_pb_row_fullwidth&#8221; _builder_version=&#8221;3.25&#8243; width=&#8221;89%&#8221; width_tablet=&#8221;80%&#8221; width_phone=&#8221;&#8221; width_last_edited=&#8221;on|desktop&#8221; max_width=&#8221;89%&#8221; max_width_tablet=&#8221;80%&#8221; max_width_phone=&#8221;&#8221; max_width_last_edited=&#8221;on|desktop&#8221; custom_padding=&#8221;||154px|||&#8221; animation_style=&#8221;zoom&#8221; animation_intensity_zoom=&#8221;8%&#8221; make_fullwidth=&#8221;on&#8221;][et_pb_column type=&#8221;4_4&#8243; _builder_version=&#8221;3.25&#8243; custom_padding=&#8221;|||&#8221; custom_padding__hover=&#8221;|||&#8221;][et_pb_text admin_label=&#8221;Page Heading &#038; Subhead&#8221; _builder_version=&#8221;4.9.7&#8243; text_font=&#8221;Open Sans||||||||&#8221; text_font_size=&#8221;22px&#8221; text_line_height=&#8221;0.5em&#8221; header_font=&#8221;Open Sans|600||on|||||&#8221; header_text_align=&#8221;center&#8221; header_font_size=&#8221;8vw&#8221; header_line_height=&#8221;1.5em&#8221; text_orientation=&#8221;center&#8221; background_layout=&#8221;dark&#8221; custom_margin=&#8221;|||&#8221; custom_padding=&#8221;17px||0px|||&#8221; header_font_size_tablet=&#8221;50px&#8221; header_font_size_phone=&#8221;&#8221; header_font_size_last_edited=&#8221;on|desktop&#8221; header_line_height_tablet=&#8221;1.1em&#8221; header_line_height_phone=&#8221;1.2em&#8221; header_line_height_last_edited=&#8221;off|desktop&#8221;]\n<h1><img loading=\"lazy\" src=\"https:\/\/hunglocphatgroup.vn\/wp-content\/uploads\/2025\/09\/HLP_Logo-HLP-Corp-300x212.png\" width=\"300\" height=\"212\" alt=\"\" class=\"wp-image-5074 alignnone size-medium\" srcset=\"https:\/\/hunglocphatgroup.vn\/wp-content\/uploads\/2025\/09\/HLP_Logo-HLP-Corp-300x212.png 300w, https:\/\/hunglocphatgroup.vn\/wp-content\/uploads\/2025\/09\/HLP_Logo-HLP-Corp-1024x725.png 1024w, https:\/\/hunglocphatgroup.vn\/wp-content\/uploads\/2025\/09\/HLP_Logo-HLP-Corp-768x544.png 768w, https:\/\/hunglocphatgroup.vn\/wp-content\/uploads\/2025\/09\/HLP_Logo-HLP-Corp-1536x1088.png 1536w, https:\/\/hunglocphatgroup.vn\/wp-content\/uploads\/2025\/09\/HLP_Logo-HLP-Corp-2048x1450.png 2048w, https:\/\/hunglocphatgroup.vn\/wp-content\/uploads\/2025\/09\/HLP_Logo-HLP-Corp-400x284.png 400w, https:\/\/hunglocphatgroup.vn\/wp-content\/uploads\/2025\/09\/HLP_Logo-HLP-Corp-1080x765.png 1080w\" sizes=\"(max-width: 300px) 100vw, 300px\" \/><\/h1>\n<p style=\"text-align: center;\">Nh\u1ea5n v\u00e0o n\u00fat b\u00ean d\u01b0\u1edbi \u0111\u1ec3 truy c\u1eadp<\/p>\n<p style=\"text-align: center;\">website ch\u00ednh th\u1ee9c c\u1ee7a H\u01b0ng L\u1ed9c Ph\u00e1t<\/p>\n[\/et_pb_text][et_pb_button button_url=&#8221;https:\/\/www.hunglocphat.vn\/&#8221; button_text=&#8221;TRUY C\u1eacP NGAY&#8221; button_alignment=&#8221;center&#8221; admin_label=&#8221;CTA Button&#8221; _builder_version=&#8221;4.9.7&#8243; custom_button=&#8221;on&#8221; button_text_size=&#8221;24px&#8221; button_text_color=&#8221;#ffffff&#8221; button_bg_color=&#8221;#f6961b&#8221; button_border_color=&#8221;#f6961b&#8221; button_border_radius=&#8221;100px&#8221; button_letter_spacing=&#8221;1px&#8221; button_font=&#8221;Open Sans|700||on|||||&#8221; button_icon=&#8221;%%28%%&#8221; custom_margin=&#8221;30px|||&#8221; custom_padding=&#8221;|||&#8221; button_border_radius_hover=&#8221;4px&#8221; button_text_size__hover_enabled=&#8221;off&#8221; button_one_text_size__hover_enabled=&#8221;off&#8221; button_two_text_size__hover_enabled=&#8221;off&#8221; button_text_color__hover_enabled=&#8221;off&#8221; button_one_text_color__hover_enabled=&#8221;off&#8221; button_two_text_color__hover_enabled=&#8221;off&#8221; button_border_width__hover_enabled=&#8221;off&#8221; button_one_border_width__hover_enabled=&#8221;off&#8221; button_two_border_width__hover_enabled=&#8221;off&#8221; button_border_color__hover_enabled=&#8221;off&#8221; button_one_border_color__hover_enabled=&#8221;off&#8221; button_two_border_color__hover_enabled=&#8221;off&#8221; button_border_radius__hover_enabled=&#8221;on&#8221; button_border_radius__hover=&#8221;4px&#8221; button_one_border_radius__hover_enabled=&#8221;off&#8221; button_two_border_radius__hover_enabled=&#8221;off&#8221; button_letter_spacing__hover_enabled=&#8221;off&#8221; button_one_letter_spacing__hover_enabled=&#8221;off&#8221; button_two_letter_spacing__hover_enabled=&#8221;off&#8221; button_bg_color__hover_enabled=&#8221;off&#8221; button_one_bg_color__hover_enabled=&#8221;off&#8221; button_two_bg_color__hover_enabled=&#8221;off&#8221;][\/et_pb_button][\/et_pb_column][\/et_pb_row][\/et_pb_section][et_pb_section fb_built=&#8221;1&#8243; disabled_on=&#8221;on|off|on&#8221; admin_label=&#8221;Header Section&#8221; _builder_version=&#8221;4.9.7&#8243; background_color=&#8221;RGBA(0,0,0,0)&#8221; background_image=&#8221;https:\/\/hunglocphatgroup.vn\/wp-content\/uploads\/2025\/09\/HLP_Trang-tro-_Hinh-nen_Tablet-1-scaled.jpg&#8221; custom_margin=&#8221;|||&#8221; custom_padding=&#8221;0vw|0px|8vw|0px||&#8221; bottom_divider_color=&#8221;rgba(5,41,66,0.3)&#8221; bottom_divider_height=&#8221;0%&#8221; animation_style=&#8221;slide&#8221; animation_direction=&#8221;top&#8221; animation_intensity_slide=&#8221;4%&#8221; animation_starting_opacity=&#8221;100%&#8221;][et_pb_row disabled_on=&#8221;off|off|off&#8221; admin_label=&#8221;Header Row&#8221; module_class=&#8221; et_pb_row_fullwidth&#8221; _builder_version=&#8221;4.9.7&#8243; width=&#8221;89%&#8221; width_tablet=&#8221;80%&#8221; width_phone=&#8221;&#8221; width_last_edited=&#8221;on|desktop&#8221; max_width=&#8221;89%&#8221; max_width_tablet=&#8221;80%&#8221; max_width_phone=&#8221;&#8221; max_width_last_edited=&#8221;on|desktop&#8221; custom_padding=&#8221;105px||424px|||&#8221; animation_style=&#8221;zoom&#8221; animation_intensity_zoom=&#8221;8%&#8221; make_fullwidth=&#8221;on&#8221;][et_pb_column type=&#8221;4_4&#8243; _builder_version=&#8221;3.25&#8243; custom_padding=&#8221;|||&#8221; custom_padding__hover=&#8221;|||&#8221;][et_pb_text admin_label=&#8221;Page Heading &#038; Subhead&#8221; _builder_version=&#8221;4.9.7&#8243; text_font=&#8221;Open Sans||||||||&#8221; text_font_size=&#8221;22px&#8221; text_line_height=&#8221;0.5em&#8221; header_font=&#8221;Open Sans|600||on|||||&#8221; header_text_align=&#8221;center&#8221; header_font_size=&#8221;8vw&#8221; header_line_height=&#8221;1.5em&#8221; text_orientation=&#8221;center&#8221; background_layout=&#8221;dark&#8221; custom_margin=&#8221;|||&#8221; custom_padding=&#8221;17px||0px|||&#8221; header_font_size_tablet=&#8221;50px&#8221; header_font_size_phone=&#8221;&#8221; header_font_size_last_edited=&#8221;on|desktop&#8221; header_line_height_tablet=&#8221;1.1em&#8221; header_line_height_phone=&#8221;1.2em&#8221; header_line_height_last_edited=&#8221;off|desktop&#8221;]\n<h1><img loading=\"lazy\" src=\"https:\/\/hunglocphatgroup.vn\/wp-content\/uploads\/2025\/09\/HLP_Logo-HLP-Corp-300x212.png\" width=\"258\" height=\"182\" alt=\"\" class=\"wp-image-5074 alignnone size-medium\" srcset=\"https:\/\/hunglocphatgroup.vn\/wp-content\/uploads\/2025\/09\/HLP_Logo-HLP-Corp-300x212.png 300w, https:\/\/hunglocphatgroup.vn\/wp-content\/uploads\/2025\/09\/HLP_Logo-HLP-Corp-1024x725.png 1024w, https:\/\/hunglocphatgroup.vn\/wp-content\/uploads\/2025\/09\/HLP_Logo-HLP-Corp-768x544.png 768w, https:\/\/hunglocphatgroup.vn\/wp-content\/uploads\/2025\/09\/HLP_Logo-HLP-Corp-1536x1088.png 1536w, https:\/\/hunglocphatgroup.vn\/wp-content\/uploads\/2025\/09\/HLP_Logo-HLP-Corp-2048x1450.png 2048w, https:\/\/hunglocphatgroup.vn\/wp-content\/uploads\/2025\/09\/HLP_Logo-HLP-Corp-400x284.png 400w, https:\/\/hunglocphatgroup.vn\/wp-content\/uploads\/2025\/09\/HLP_Logo-HLP-Corp-1080x765.png 1080w\" sizes=\"(max-width: 258px) 100vw, 258px\" \/><\/h1>\n<p style=\"text-align: center;\">Nh\u1ea5n v\u00e0o n\u00fat b\u00ean d\u01b0\u1edbi \u0111\u1ec3 truy c\u1eadp<\/p>\n<p style=\"text-align: center;\">website ch\u00ednh th\u1ee9c c\u1ee7a H\u01b0ng L\u1ed9c Ph\u00e1t<\/p>\n[\/et_pb_text][et_pb_button button_url=&#8221;https:\/\/www.hunglocphat.vn\/&#8221; button_text=&#8221;TRUY C\u1eacP NGAY&#8221; button_alignment=&#8221;center&#8221; admin_label=&#8221;CTA Button&#8221; _builder_version=&#8221;4.9.7&#8243; custom_button=&#8221;on&#8221; button_text_size=&#8221;18px&#8221; button_text_color=&#8221;#ffffff&#8221; button_bg_color=&#8221;#f6961b&#8221; button_border_color=&#8221;#f6961b&#8221; button_border_radius=&#8221;100px&#8221; button_letter_spacing=&#8221;1px&#8221; button_font=&#8221;Open Sans|700||on|||||&#8221; button_icon=&#8221;%%28%%&#8221; custom_margin=&#8221;30px|||&#8221; custom_padding=&#8221;|||&#8221; button_border_radius_hover=&#8221;4px&#8221; button_text_size__hover_enabled=&#8221;off&#8221; button_one_text_size__hover_enabled=&#8221;off&#8221; button_two_text_size__hover_enabled=&#8221;off&#8221; button_text_color__hover_enabled=&#8221;off&#8221; button_one_text_color__hover_enabled=&#8221;off&#8221; button_two_text_color__hover_enabled=&#8221;off&#8221; button_border_width__hover_enabled=&#8221;off&#8221; button_one_border_width__hover_enabled=&#8221;off&#8221; button_two_border_width__hover_enabled=&#8221;off&#8221; button_border_color__hover_enabled=&#8221;off&#8221; button_one_border_color__hover_enabled=&#8221;off&#8221; button_two_border_color__hover_enabled=&#8221;off&#8221; button_border_radius__hover_enabled=&#8221;on&#8221; button_border_radius__hover=&#8221;4px&#8221; button_one_border_radius__hover_enabled=&#8221;off&#8221; button_two_border_radius__hover_enabled=&#8221;off&#8221; button_letter_spacing__hover_enabled=&#8221;off&#8221; button_one_letter_spacing__hover_enabled=&#8221;off&#8221; button_two_letter_spacing__hover_enabled=&#8221;off&#8221; button_bg_color__hover_enabled=&#8221;off&#8221; button_one_bg_color__hover_enabled=&#8221;off&#8221; button_two_bg_color__hover_enabled=&#8221;off&#8221;][\/et_pb_button][\/et_pb_column][\/et_pb_row][\/et_pb_section][et_pb_section fb_built=&#8221;1&#8243; disabled_on=&#8221;off|on|on&#8221; admin_label=&#8221;Header Section&#8221; _builder_version=&#8221;4.9.7&#8243; background_color=&#8221;RGBA(0,0,0,0)&#8221; background_image=&#8221;https:\/\/hunglocphatgroup.vn\/wp-content\/uploads\/2025\/09\/HLP_Trang-tro-_Hinh-nen_Tablet-1-scaled.jpg&#8221; custom_margin=&#8221;|||&#8221; custom_padding=&#8221;0vw|0px|8vw|0px||&#8221; bottom_divider_color=&#8221;rgba(5,41,66,0.3)&#8221; bottom_divider_height=&#8221;0%&#8221; animation_style=&#8221;slide&#8221; animation_direction=&#8221;top&#8221; animation_intensity_slide=&#8221;4%&#8221; animation_starting_opacity=&#8221;100%&#8221;][et_pb_row disabled_on=&#8221;off|off|off&#8221; admin_label=&#8221;Header Row&#8221; module_class=&#8221; et_pb_row_fullwidth&#8221; _builder_version=&#8221;4.9.7&#8243; width=&#8221;89%&#8221; width_tablet=&#8221;80%&#8221; width_phone=&#8221;&#8221; width_last_edited=&#8221;on|desktop&#8221; max_width=&#8221;89%&#8221; max_width_tablet=&#8221;80%&#8221; max_width_phone=&#8221;&#8221; max_width_last_edited=&#8221;on|desktop&#8221; custom_padding=&#8221;90px||424px|||&#8221; animation_style=&#8221;zoom&#8221; animation_intensity_zoom=&#8221;8%&#8221; make_fullwidth=&#8221;on&#8221;][et_pb_column type=&#8221;4_4&#8243; _builder_version=&#8221;3.25&#8243; custom_padding=&#8221;|||&#8221; custom_padding__hover=&#8221;|||&#8221;][et_pb_text admin_label=&#8221;Page Heading &#038; Subhead&#8221; _builder_version=&#8221;4.9.7&#8243; text_font=&#8221;Open Sans||||||||&#8221; text_font_size=&#8221;18px&#8221; text_line_height=&#8221;0.5em&#8221; header_font=&#8221;Open Sans|600||on|||||&#8221; header_text_align=&#8221;center&#8221; header_font_size=&#8221;8vw&#8221; header_line_height=&#8221;1.5em&#8221; text_orientation=&#8221;center&#8221; background_layout=&#8221;dark&#8221; custom_margin=&#8221;|||&#8221; custom_padding=&#8221;17px||0px|||&#8221; header_font_size_tablet=&#8221;50px&#8221; header_font_size_phone=&#8221;&#8221; header_font_size_last_edited=&#8221;on|desktop&#8221; header_line_height_tablet=&#8221;1.1em&#8221; header_line_height_phone=&#8221;1.2em&#8221; header_line_height_last_edited=&#8221;off|desktop&#8221;]\n<h1><img loading=\"lazy\" src=\"https:\/\/hunglocphatgroup.vn\/wp-content\/uploads\/2025\/09\/HLP_Logo-HLP-Corp-300x212.png\" width=\"201\" height=\"142\" alt=\"\" class=\"wp-image-5074 alignnone size-medium\" style=\"display: block; margin-left: auto; margin-right: auto;\" srcset=\"https:\/\/hunglocphatgroup.vn\/wp-content\/uploads\/2025\/09\/HLP_Logo-HLP-Corp-300x212.png 300w, https:\/\/hunglocphatgroup.vn\/wp-content\/uploads\/2025\/09\/HLP_Logo-HLP-Corp-1024x725.png 1024w, https:\/\/hunglocphatgroup.vn\/wp-content\/uploads\/2025\/09\/HLP_Logo-HLP-Corp-768x544.png 768w, https:\/\/hunglocphatgroup.vn\/wp-content\/uploads\/2025\/09\/HLP_Logo-HLP-Corp-1536x1088.png 1536w, https:\/\/hunglocphatgroup.vn\/wp-content\/uploads\/2025\/09\/HLP_Logo-HLP-Corp-2048x1450.png 2048w, https:\/\/hunglocphatgroup.vn\/wp-content\/uploads\/2025\/09\/HLP_Logo-HLP-Corp-400x284.png 400w, https:\/\/hunglocphatgroup.vn\/wp-content\/uploads\/2025\/09\/HLP_Logo-HLP-Corp-1080x765.png 1080w\" sizes=\"(max-width: 201px) 100vw, 201px\" \/><\/h1>\n<p style=\"text-align: center;\">Nh\u1ea5n v\u00e0o n\u00fat b\u00ean d\u01b0\u1edbi \u0111\u1ec3 truy c\u1eadp<\/p>\n<p style=\"text-align: center;\">website ch\u00ednh th\u1ee9c c\u1ee7a H\u01b0ng L\u1ed9c Ph\u00e1t<\/p>\n[\/et_pb_text][et_pb_button button_url=&#8221;https:\/\/www.hunglocphat.vn\/&#8221; button_text=&#8221;TRUY C\u1eacP NGAY&#8221; button_alignment=&#8221;center&#8221; admin_label=&#8221;CTA Button&#8221; _builder_version=&#8221;4.9.7&#8243; custom_button=&#8221;on&#8221; button_text_size=&#8221;15px&#8221; button_text_color=&#8221;#ffffff&#8221; button_bg_color=&#8221;#f6961b&#8221; button_border_color=&#8221;#f6961b&#8221; button_border_radius=&#8221;100px&#8221; button_letter_spacing=&#8221;1px&#8221; button_font=&#8221;Open Sans|700||on|||||&#8221; button_icon=&#8221;%%28%%&#8221; custom_margin=&#8221;30px|||&#8221; custom_padding=&#8221;|||&#8221; button_border_radius_hover=&#8221;4px&#8221; button_text_size__hover_enabled=&#8221;off&#8221; button_one_text_size__hover_enabled=&#8221;off&#8221; button_two_text_size__hover_enabled=&#8221;off&#8221; button_text_color__hover_enabled=&#8221;off&#8221; button_one_text_color__hover_enabled=&#8221;off&#8221; button_two_text_color__hover_enabled=&#8221;off&#8221; button_border_width__hover_enabled=&#8221;off&#8221; button_one_border_width__hover_enabled=&#8221;off&#8221; button_two_border_width__hover_enabled=&#8221;off&#8221; button_border_color__hover_enabled=&#8221;off&#8221; button_one_border_color__hover_enabled=&#8221;off&#8221; button_two_border_color__hover_enabled=&#8221;off&#8221; button_border_radius__hover_enabled=&#8221;on&#8221; button_border_radius__hover=&#8221;4px&#8221; button_one_border_radius__hover_enabled=&#8221;off&#8221; button_two_border_radius__hover_enabled=&#8221;off&#8221; button_letter_spacing__hover_enabled=&#8221;off&#8221; button_one_letter_spacing__hover_enabled=&#8221;off&#8221; button_two_letter_spacing__hover_enabled=&#8221;off&#8221; button_bg_color__hover_enabled=&#8221;off&#8221; button_one_bg_color__hover_enabled=&#8221;off&#8221; button_two_bg_color__hover_enabled=&#8221;off&#8221;][\/et_pb_button][\/et_pb_column][\/et_pb_row][\/et_pb_section]\n","protected":false},"excerpt":{"rendered":"[et_pb_section fb_built=&#8221;1&#8243; disabled_on=&#8221;on|on|off&#8221; admin_label=&#8221;Header Section&#8221; _builder_version=&#8221;4.9.7&#8243; background_color=&#8221;RGBA(0,0,0,0)&#8221; background_image=&#8221;https:\/\/hunglocphatgroup.vn\/wp-content\/uploads\/2025\/09\/HLP_Trang-tro-_Hinh-nen_Desktop-scaled.jpg&#8221; overflow-x=&#8221;auto&#8221; overflow-y=&#8221;auto&#8221; custom_margin=&#8221;|||&#8221; custom_padding=&#8221;0vw|0px|17vw|0px||&#8221; bottom_divider_color=&#8221;rgba(5,41,66,0.3)&#8221; bottom_divider_height=&#8221;0%&#8221; animation_style=&#8221;slide&#8221; animation_direction=&#8221;top&#8221; animation_intensity_slide=&#8221;4%&#8221; animation_starting_opacity=&#8221;100%&#8221;][et_pb_row disabled_on=&#8221;off|off|off&#8221; admin_label=&#8221;Header &#8230;<\/p>\n","protected":false},"author":6,"featured_media":4976,"parent":0,"menu_order":0,"comment_status":"closed","ping_status":"closed","template":"page-blank-landingpage.php","meta":{"_et_pb_use_builder":"on","_et_pb_old_content":"","_et_gb_content_width":""},"yoast_head":"<!-- This site is optimized with the Yoast SEO plugin v20.6 - https:\/\/yoast.com\/wordpress\/plugins\/seo\/ -->\n<title>Chuy\u1ec3n ti\u1ebfp - H\u01b0ng L\u1ed9c Ph\u00e1t Group<\/title>\n<meta name=\"robots\" content=\"index, follow, max-snippet:-1, max-image-preview:large, max-video-preview:-1\" \/>\n<link rel=\"canonical\" href=\"https:\/\/hunglocphatgroup.vn\/en\/chuyen-tiep.html\" \/>\n<meta property=\"og:locale\" content=\"en_US\" \/>\n<meta property=\"og:type\" content=\"article\" \/>\n<meta property=\"og:title\" content=\"Chuy\u1ec3n ti\u1ebfp - H\u01b0ng L\u1ed9c Ph\u00e1t Group\" \/>\n<meta property=\"og:description\" content=\"[et_pb_section fb_built=&#8221;1&#8243; disabled_on=&#8221;on|on|off&#8221; admin_label=&#8221;Header Section&#8221; _builder_version=&#8221;4.9.7&#8243; background_color=&#8221;RGBA(0,0,0,0)&#8221; background_image=&#8221;https:\/\/hunglocphatgroup.vn\/wp-content\/uploads\/2025\/09\/HLP_Trang-tro-_Hinh-nen_Desktop-scaled.jpg&#8221; overflow-x=&#8221;auto&#8221; overflow-y=&#8221;auto&#8221; custom_margin=&#8221;|||&#8221; custom_padding=&#8221;0vw|0px|17vw|0px||&#8221; bottom_divider_color=&#8221;rgba(5,41,66,0.3)&#8221; bottom_divider_height=&#8221;0%&#8221; animation_style=&#8221;slide&#8221; animation_direction=&#8221;top&#8221; animation_intensity_slide=&#8221;4%&#8221; animation_starting_opacity=&#8221;100%&#8221;][et_pb_row disabled_on=&#8221;off|off|off&#8221; admin_label=&#8221;Header ...\" \/>\n<meta property=\"og:url\" content=\"https:\/\/hunglocphatgroup.vn\/en\/chuyen-tiep.html\" \/>\n<meta property=\"og:site_name\" content=\"H\u01b0ng L\u1ed9c Ph\u00e1t Group\" \/>\n<meta property=\"article:publisher\" content=\"https:\/\/www.facebook.com\/TapdoanHungLocPhat\" \/>\n<meta property=\"article:modified_time\" content=\"2025-09-29T08:34:45+00:00\" \/>\n<meta property=\"og:image\" content=\"https:\/\/hunglocphatgroup.vn\/wp-content\/uploads\/2025\/09\/HLP_Trang-tro_Desktop-scaled.jpg\" \/>\n\t<meta property=\"og:image:width\" content=\"2560\" \/>\n\t<meta property=\"og:image:height\" content=\"1440\" \/>\n\t<meta property=\"og:image:type\" content=\"image\/jpeg\" \/>\n<meta name=\"twitter:card\" content=\"summary_large_image\" \/>\n<meta name=\"twitter:label1\" content=\"Est. reading time\" \/>\n\t<meta name=\"twitter:data1\" content=\"3 minutes\" \/>\n<script type=\"application\/ld+json\" class=\"yoast-schema-graph\">{\"@context\":\"https:\/\/schema.org\",\"@graph\":[{\"@type\":\"WebPage\",\"@id\":\"https:\/\/hunglocphatgroup.vn\/en\/chuyen-tiep.html\",\"url\":\"https:\/\/hunglocphatgroup.vn\/en\/chuyen-tiep.html\",\"name\":\"Chuy\u1ec3n ti\u1ebfp - H\u01b0ng L\u1ed9c Ph\u00e1t Group\",\"isPartOf\":{\"@id\":\"https:\/\/hunglocphatgroup.vn\/#website\"},\"datePublished\":\"2025-09-29T04:37:00+00:00\",\"dateModified\":\"2025-09-29T08:34:45+00:00\",\"breadcrumb\":{\"@id\":\"https:\/\/hunglocphatgroup.vn\/en\/chuyen-tiep.html#breadcrumb\"},\"inLanguage\":\"en-US\",\"potentialAction\":[{\"@type\":\"ReadAction\",\"target\":[\"https:\/\/hunglocphatgroup.vn\/en\/chuyen-tiep.html\"]}]},{\"@type\":\"BreadcrumbList\",\"@id\":\"https:\/\/hunglocphatgroup.vn\/en\/chuyen-tiep.html#breadcrumb\",\"itemListElement\":[{\"@type\":\"ListItem\",\"position\":1,\"name\":\"Home\",\"item\":\"https:\/\/hunglocphatgroup.vn\/en\/chuyen-tiep.html\"},{\"@type\":\"ListItem\",\"position\":2,\"name\":\"Chuy\u1ec3n ti\u1ebfp\"}]},{\"@type\":\"WebSite\",\"@id\":\"https:\/\/hunglocphatgroup.vn\/#website\",\"url\":\"https:\/\/hunglocphatgroup.vn\/\",\"name\":\"H\u01b0ng L\u1ed9c Ph\u00e1t Group\",\"description\":\"\",\"publisher\":{\"@id\":\"https:\/\/hunglocphatgroup.vn\/#organization\"},\"potentialAction\":[{\"@type\":\"SearchAction\",\"target\":{\"@type\":\"EntryPoint\",\"urlTemplate\":\"https:\/\/hunglocphatgroup.vn\/?s={search_term_string}\"},\"query-input\":\"required name=search_term_string\"}],\"inLanguage\":\"en-US\"},{\"@type\":\"Organization\",\"@id\":\"https:\/\/hunglocphatgroup.vn\/#organization\",\"name\":\"H\u01b0ng L\u1ed9c Ph\u00e1t Group\",\"url\":\"https:\/\/hunglocphatgroup.vn\/\",\"logo\":{\"@type\":\"ImageObject\",\"inLanguage\":\"en-US\",\"@id\":\"https:\/\/hunglocphatgroup.vn\/#\/schema\/logo\/image\/\",\"url\":\"https:\/\/www.cms.hunglocphat.vn\/wp-content\/uploads\/2020\/12\/Logo-HLP-Group.png\",\"contentUrl\":\"https:\/\/www.cms.hunglocphat.vn\/wp-content\/uploads\/2020\/12\/Logo-HLP-Group.png\",\"width\":695,\"height\":542,\"caption\":\"H\u01b0ng L\u1ed9c Ph\u00e1t Group\"},\"image\":{\"@id\":\"https:\/\/hunglocphatgroup.vn\/#\/schema\/logo\/image\/\"},\"sameAs\":[\"https:\/\/www.facebook.com\/TapdoanHungLocPhat\",\"https:\/\/www.youtube.com\/c\/HungLocPhatGroup\"]}]}<\/script>\n<!-- \/ Yoast SEO plugin. -->","yoast_head_json":{"title":"Chuy\u1ec3n ti\u1ebfp - H\u01b0ng L\u1ed9c Ph\u00e1t Group","robots":{"index":"index","follow":"follow","max-snippet":"max-snippet:-1","max-image-preview":"max-image-preview:large","max-video-preview":"max-video-preview:-1"},"canonical":"https:\/\/hunglocphatgroup.vn\/en\/chuyen-tiep.html","og_locale":"en_US","og_type":"article","og_title":"Chuy\u1ec3n ti\u1ebfp - H\u01b0ng L\u1ed9c Ph\u00e1t Group","og_description":"[et_pb_section fb_built=&#8221;1&#8243; disabled_on=&#8221;on|on|off&#8221; admin_label=&#8221;Header Section&#8221; _builder_version=&#8221;4.9.7&#8243; background_color=&#8221;RGBA(0,0,0,0)&#8221; background_image=&#8221;https:\/\/hunglocphatgroup.vn\/wp-content\/uploads\/2025\/09\/HLP_Trang-tro-_Hinh-nen_Desktop-scaled.jpg&#8221; overflow-x=&#8221;auto&#8221; overflow-y=&#8221;auto&#8221; custom_margin=&#8221;|||&#8221; custom_padding=&#8221;0vw|0px|17vw|0px||&#8221; bottom_divider_color=&#8221;rgba(5,41,66,0.3)&#8221; bottom_divider_height=&#8221;0%&#8221; animation_style=&#8221;slide&#8221; animation_direction=&#8221;top&#8221; animation_intensity_slide=&#8221;4%&#8221; animation_starting_opacity=&#8221;100%&#8221;][et_pb_row disabled_on=&#8221;off|off|off&#8221; admin_label=&#8221;Header ...","og_url":"https:\/\/hunglocphatgroup.vn\/en\/chuyen-tiep.html","og_site_name":"H\u01b0ng L\u1ed9c Ph\u00e1t Group","article_publisher":"https:\/\/www.facebook.com\/TapdoanHungLocPhat","article_modified_time":"2025-09-29T08:34:45+00:00","og_image":[{"width":2560,"height":1440,"url":"https:\/\/hunglocphatgroup.vn\/wp-content\/uploads\/2025\/09\/HLP_Trang-tro_Desktop-scaled.jpg","type":"image\/jpeg"}],"twitter_card":"summary_large_image","twitter_misc":{"Est. reading time":"3 minutes"},"schema":{"@context":"https:\/\/schema.org","@graph":[{"@type":"WebPage","@id":"https:\/\/hunglocphatgroup.vn\/en\/chuyen-tiep.html","url":"https:\/\/hunglocphatgroup.vn\/en\/chuyen-tiep.html","name":"Chuy\u1ec3n ti\u1ebfp - H\u01b0ng L\u1ed9c Ph\u00e1t Group","isPartOf":{"@id":"https:\/\/hunglocphatgroup.vn\/#website"},"datePublished":"2025-09-29T04:37:00+00:00","dateModified":"2025-09-29T08:34:45+00:00","breadcrumb":{"@id":"https:\/\/hunglocphatgroup.vn\/en\/chuyen-tiep.html#breadcrumb"},"inLanguage":"en-US","potentialAction":[{"@type":"ReadAction","target":["https:\/\/hunglocphatgroup.vn\/en\/chuyen-tiep.html"]}]},{"@type":"BreadcrumbList","@id":"https:\/\/hunglocphatgroup.vn\/en\/chuyen-tiep.html#breadcrumb","itemListElement":[{"@type":"ListItem","position":1,"name":"Home","item":"https:\/\/hunglocphatgroup.vn\/en\/chuyen-tiep.html"},{"@type":"ListItem","position":2,"name":"Chuy\u1ec3n ti\u1ebfp"}]},{"@type":"WebSite","@id":"https:\/\/hunglocphatgroup.vn\/#website","url":"https:\/\/hunglocphatgroup.vn\/","name":"H\u01b0ng L\u1ed9c Ph\u00e1t Group","description":"","publisher":{"@id":"https:\/\/hunglocphatgroup.vn\/#organization"},"potentialAction":[{"@type":"SearchAction","target":{"@type":"EntryPoint","urlTemplate":"https:\/\/hunglocphatgroup.vn\/?s={search_term_string}"},"query-input":"required name=search_term_string"}],"inLanguage":"en-US"},{"@type":"Organization","@id":"https:\/\/hunglocphatgroup.vn\/#organization","name":"H\u01b0ng L\u1ed9c Ph\u00e1t Group","url":"https:\/\/hunglocphatgroup.vn\/","logo":{"@type":"ImageObject","inLanguage":"en-US","@id":"https:\/\/hunglocphatgroup.vn\/#\/schema\/logo\/image\/","url":"https:\/\/www.cms.hunglocphat.vn\/wp-content\/uploads\/2020\/12\/Logo-HLP-Group.png","contentUrl":"https:\/\/www.cms.hunglocphat.vn\/wp-content\/uploads\/2020\/12\/Logo-HLP-Group.png","width":695,"height":542,"caption":"H\u01b0ng L\u1ed9c Ph\u00e1t Group"},"image":{"@id":"https:\/\/hunglocphatgroup.vn\/#\/schema\/logo\/image\/"},"sameAs":["https:\/\/www.facebook.com\/TapdoanHungLocPhat","https:\/\/www.youtube.com\/c\/HungLocPhatGroup"]}]}},"_links":{"self":[{"href":"https:\/\/hunglocphatgroup.vn\/en\/wp-json\/wp\/v2\/pages\/5079"}],"collection":[{"href":"https:\/\/hunglocphatgroup.vn\/en\/wp-json\/wp\/v2\/pages"}],"about":[{"href":"https:\/\/hunglocphatgroup.vn\/en\/wp-json\/wp\/v2\/types\/page"}],"author":[{"embeddable":true,"href":"https:\/\/hunglocphatgroup.vn\/en\/wp-json\/wp\/v2\/users\/6"}],"replies":[{"embeddable":true,"href":"https:\/\/hunglocphatgroup.vn\/en\/wp-json\/wp\/v2\/comments?post=5079"}],"version-history":[{"count":1,"href":"https:\/\/hunglocphatgroup.vn\/en\/wp-json\/wp\/v2\/pages\/5079\/revisions"}],"predecessor-version":[{"id":5080,"href":"https:\/\/hunglocphatgroup.vn\/en\/wp-json\/wp\/v2\/pages\/5079\/revisions\/5080"}],"wp:featuredmedia":[{"embeddable":true,"href":"https:\/\/hunglocphatgroup.vn\/en\/wp-json\/wp\/v2\/media\/4976"}],"wp:attachment":[{"href":"https:\/\/hunglocphatgroup.vn\/en\/wp-json\/wp\/v2\/media?parent=5079"}],"curies":[{"name":"wp","href":"https:\/\/api.w.org\/{rel}","templated":true}]}}